{"id":226,"date":"2025-08-18T22:00:49","date_gmt":"2025-08-18T20:00:49","guid":{"rendered":"https:\/\/eventplusservices.com\/mote\/?page_id=226"},"modified":"2025-08-18T22:04:18","modified_gmt":"2025-08-18T20:04:18","slug":"tervezett-temak","status":"publish","type":"page","link":"https:\/\/eventplusservices.com\/mote\/tervezett-temak\/","title":{"rendered":"Tervezett t\u00e9m\u00e1k"},"content":{"rendered":"\t\t<div data-elementor-type=\"wp-page\" data-elementor-id=\"226\" class=\"elementor elementor-226\" data-elementor-post-type=\"page\">\n\t\t\t\t<div class=\"elementor-element elementor-element-5161a0b e-flex e-con-boxed e-con e-parent\" data-id=\"5161a0b\" data-element_type=\"container\">\n\t\t\t\t\t<div class=\"e-con-inner\">\n\t\t\t\t<div class=\"elementor-element elementor-element-37d5720 elementor-widget elementor-widget-text-editor\" data-id=\"37d5720\" data-element_type=\"widget\" data-widget_type=\"text-editor.default\">\n\t\t\t\t<div class=\"elementor-widget-container\">\n\t\t\t\t\t\t\t\t\t<h3>A kongresszus tervezett t\u00e9m\u00e1i az \u00e9letm\u00f3dorvostan szemsz\u00f6g\u00e9b\u0151l<\/h3><ul><li>t\u00e1pl\u00e1lkoz\u00e1s<\/li><li>mikrobiom<\/li><li>alv\u00e1s<\/li><li>mozg\u00e1s<\/li><li>stresszkezel\u00e9s<\/li><li>alapell\u00e1t\u00e1s<\/li><li>viselked\u00e9sv\u00e1ltoz\u00e1s<\/li><li>f\u00fcgg\u0151s\u00e9gek<\/li><li>belgy\u00f3gy\u00e1szat<\/li><li>reumatol\u00f3gia<\/li><li>n\u0151i eg\u00e9szs\u00e9g<\/li><li>onkol\u00f3gia<\/li><li>panelbesz\u00e9lget\u00e9sek, poszterszekci\u00f3, workshopok<\/li><\/ul>\t\t\t\t\t\t\t\t<\/div>\n\t\t\t\t<\/div>\n\t\t\t\t\t<\/div>\n\t\t\t\t<\/div>\n\t\t\t\t<\/div>\n\t\t","protected":false},"excerpt":{"rendered":"<p>A kongresszus tervezett t\u00e9m\u00e1i az \u00e9letm\u00f3dorvostan szemsz\u00f6g\u00e9b\u0151l t\u00e1pl\u00e1lkoz\u00e1s mikrobiom alv\u00e1s mozg\u00e1s stresszkezel\u00e9s alapell\u00e1t\u00e1s viselked\u00e9sv\u00e1ltoz\u00e1s f\u00fcgg\u0151s\u00e9gek belgy\u00f3gy\u00e1szat reumatol\u00f3gia n\u0151i eg\u00e9szs\u00e9g onkol\u00f3gia panelbesz\u00e9lget\u00e9sek, poszterszekci\u00f3, workshopok<\/p>\n","protected":false},"author":4,"featured_media":0,"parent":0,"menu_order":0,"comment_status":"closed","ping_status":"closed","template":"","meta":{"footnotes":""},"class_list":["post-226","page","type-page","status-publish","hentry"],"_links":{"self":[{"href":"https:\/\/eventplusservices.com\/mote\/wp-json\/wp\/v2\/pages\/226","targetHints":{"allow":["GET"]}}],"collection":[{"href":"https:\/\/eventplusservices.com\/mote\/wp-json\/wp\/v2\/pages"}],"about":[{"href":"https:\/\/eventplusservices.com\/mote\/wp-json\/wp\/v2\/types\/page"}],"author":[{"embeddable":true,"href":"https:\/\/eventplusservices.com\/mote\/wp-json\/wp\/v2\/users\/4"}],"replies":[{"embeddable":true,"href":"https:\/\/eventplusservices.com\/mote\/wp-json\/wp\/v2\/comments?post=226"}],"version-history":[{"count":10,"href":"https:\/\/eventplusservices.com\/mote\/wp-json\/wp\/v2\/pages\/226\/revisions"}],"predecessor-version":[{"id":236,"href":"https:\/\/eventplusservices.com\/mote\/wp-json\/wp\/v2\/pages\/226\/revisions\/236"}],"wp:attachment":[{"href":"https:\/\/eventplusservices.com\/mote\/wp-json\/wp\/v2\/media?parent=226"}],"curies":[{"name":"wp","href":"https:\/\/api.w.org\/{rel}","templated":true}]}}