{"id":241,"date":"2025-08-18T22:19:18","date_gmt":"2025-08-18T20:19:18","guid":{"rendered":"https:\/\/eventplusservices.com\/mote\/?page_id=241"},"modified":"2025-08-23T15:19:15","modified_gmt":"2025-08-23T13:19:15","slug":"helyszin","status":"publish","type":"page","link":"https:\/\/eventplusservices.com\/mote\/helyszin\/","title":{"rendered":"Helysz\u00edn"},"content":{"rendered":"\t\t<div data-elementor-type=\"wp-page\" data-elementor-id=\"241\" class=\"elementor elementor-241\" data-elementor-post-type=\"page\">\n\t\t\t\t<div class=\"elementor-element elementor-element-e563d72 e-flex e-con-boxed e-con e-parent\" data-id=\"e563d72\" data-element_type=\"container\">\n\t\t\t\t\t<div class=\"e-con-inner\">\n\t\t<div class=\"elementor-element elementor-element-6dc6493 e-con-full e-flex e-con e-child\" data-id=\"6dc6493\" data-element_type=\"container\">\n\t\t\t\t<div class=\"elementor-element elementor-element-0156159 elementor-widget elementor-widget-image\" data-id=\"0156159\" data-element_type=\"widget\" data-widget_type=\"image.default\">\n\t\t\t\t<div class=\"elementor-widget-container\">\n\t\t\t\t\t\t\t\t\t\t\t\t\t\t\t<img fetchpriority=\"high\" decoding=\"async\" width=\"800\" height=\"536\" src=\"https:\/\/eventplusservices.com\/wp-tartalom\/uploads\/sites\/3\/2025\/08\/abacus.jpg\" class=\"attachment-full size-full wp-image-243\" alt=\"\" srcset=\"https:\/\/eventplusservices.com\/wp-tartalom\/uploads\/sites\/3\/2025\/08\/abacus.jpg 800w, https:\/\/eventplusservices.com\/wp-tartalom\/uploads\/sites\/3\/2025\/08\/abacus-300x201.jpg 300w, https:\/\/eventplusservices.com\/wp-tartalom\/uploads\/sites\/3\/2025\/08\/abacus-768x515.jpg 768w\" sizes=\"(max-width: 800px) 100vw, 800px\" \/>\t\t\t\t\t\t\t\t\t\t\t\t\t\t\t<\/div>\n\t\t\t\t<\/div>\n\t\t\t\t<\/div>\n\t\t<div class=\"elementor-element elementor-element-0ef3250 e-con-full e-flex e-con e-child\" data-id=\"0ef3250\" data-element_type=\"container\">\n\t\t\t\t<div class=\"elementor-element elementor-element-8be963c elementor-widget elementor-widget-text-editor\" data-id=\"8be963c\" data-element_type=\"widget\" data-widget_type=\"text-editor.default\">\n\t\t\t\t<div class=\"elementor-widget-container\">\n\t\t\t\t\t\t\t\t\t<div class=\"uncode_text_column text-lead\"><h3>Abacus Business &amp; Wellness Hotel<\/h3><p>2053 Herceghalom, Geszteny\u00e9s \u00fat 3.<br \/><a href=\"https:\/\/abacus.hu\" target=\"_blank\" rel=\"noopener\">www.abacus.hu<\/a><\/p><p>A n\u00e9gycsillagos sz\u00e1lloda 128 szob\u00e1val \u00e9s lakoszt\u00e1lyokkal, valamint els\u0151 oszt\u00e1ly\u00fa \u00e9tteremmel rendelkezik, ahol elismert mester-s\u00e9f\u00fcnk \u00e9s csapata v\u00e1rja a vend\u00e9geket.<\/p><\/div><div class=\"uncode_text_column text-lead\"><p>K\u00f6z\u00e9p-Magyarorsz\u00e1g leginnovat\u00edvabb konferencia \u00e9s wellness sz\u00e1llod\u00e1ja Pest megye nyugati kapuj\u00e1ban, Budapestt\u0151l 15 percre, Herceghalmon tal\u00e1lhat\u00f3. Az ABACUS Hotel inspir\u00e1l\u00f3 l\u00e9gk\u00f6re, kimagasl\u00f3 rendezv\u00e9ny-kapacit\u00e1sa \u00e9s \u00fajra\u00e9rtelmezett gasztron\u00f3miai filoz\u00f3fi\u00e1ja miatt az \u00fczleti \u00e9s szellemi \u00e9letk\u00f6z\u00f6ss\u00e9g tere.<\/p><\/div>\t\t\t\t\t\t\t\t<\/div>\n\t\t\t\t<\/div>\n\t\t\t\t<\/div>\n\t\t\t\t\t<\/div>\n\t\t\t\t<\/div>\n\t\t<div class=\"elementor-element elementor-element-b4f250b e-flex e-con-boxed e-con e-parent\" data-id=\"b4f250b\" data-element_type=\"container\">\n\t\t\t\t\t<div class=\"e-con-inner\">\n\t\t\t\t<div class=\"elementor-element elementor-element-c14cea9 elementor-widget elementor-widget-google_maps\" data-id=\"c14cea9\" data-element_type=\"widget\" data-widget_type=\"google_maps.default\">\n\t\t\t\t<div class=\"elementor-widget-container\">\n\t\t\t\t\t\t\t<div class=\"elementor-custom-embed\">\n\t\t\t<iframe loading=\"lazy\"\n\t\t\t\t\tsrc=\"https:\/\/maps.google.com\/maps?q=Abacus%20Business%20%26%20Wellnes%20Hotel&#038;t=m&#038;z=10&#038;output=embed&#038;iwloc=near\"\n\t\t\t\t\ttitle=\"Abacus Business &amp; Wellnes Hotel\"\n\t\t\t\t\taria-label=\"Abacus Business &amp; Wellnes Hotel\"\n\t\t\t><\/iframe>\n\t\t<\/div>\n\t\t\t\t\t\t<\/div>\n\t\t\t\t<\/div>\n\t\t\t\t\t<\/div>\n\t\t\t\t<\/div>\n\t\t\t\t<\/div>\n\t\t","protected":false},"excerpt":{"rendered":"<p>Abacus Business &amp; Wellness Hotel 2053 Herceghalom, Geszteny\u00e9s \u00fat 3.www.abacus.hu A n\u00e9gycsillagos sz\u00e1lloda 128 szob\u00e1val \u00e9s lakoszt\u00e1lyokkal, valamint els\u0151 oszt\u00e1ly\u00fa \u00e9tteremmel rendelkezik, ahol elismert mester-s\u00e9f\u00fcnk \u00e9s csapata v\u00e1rja a vend\u00e9geket. K\u00f6z\u00e9p-Magyarorsz\u00e1g leginnovat\u00edvabb konferencia \u00e9s wellness sz\u00e1llod\u00e1ja Pest megye nyugati kapuj\u00e1ban, Budapestt\u0151l 15 percre, Herceghalmon tal\u00e1lhat\u00f3. Az ABACUS Hotel inspir\u00e1l\u00f3 l\u00e9gk\u00f6re, kimagasl\u00f3 rendezv\u00e9ny-kapacit\u00e1sa \u00e9s \u00fajra\u00e9rtelmezett gasztron\u00f3miai [&hellip;]<\/p>\n","protected":false},"author":4,"featured_media":0,"parent":0,"menu_order":0,"comment_status":"closed","ping_status":"closed","template":"","meta":{"footnotes":""},"class_list":["post-241","page","type-page","status-publish","hentry"],"_links":{"self":[{"href":"https:\/\/eventplusservices.com\/mote\/wp-json\/wp\/v2\/pages\/241","targetHints":{"allow":["GET"]}}],"collection":[{"href":"https:\/\/eventplusservices.com\/mote\/wp-json\/wp\/v2\/pages"}],"about":[{"href":"https:\/\/eventplusservices.com\/mote\/wp-json\/wp\/v2\/types\/page"}],"author":[{"embeddable":true,"href":"https:\/\/eventplusservices.com\/mote\/wp-json\/wp\/v2\/users\/4"}],"replies":[{"embeddable":true,"href":"https:\/\/eventplusservices.com\/mote\/wp-json\/wp\/v2\/comments?post=241"}],"version-history":[{"count":16,"href":"https:\/\/eventplusservices.com\/mote\/wp-json\/wp\/v2\/pages\/241\/revisions"}],"predecessor-version":[{"id":777,"href":"https:\/\/eventplusservices.com\/mote\/wp-json\/wp\/v2\/pages\/241\/revisions\/777"}],"wp:attachment":[{"href":"https:\/\/eventplusservices.com\/mote\/wp-json\/wp\/v2\/media?parent=241"}],"curies":[{"name":"wp","href":"https:\/\/api.w.org\/{rel}","templated":true}]}}