{"id":263,"date":"2025-08-18T22:32:11","date_gmt":"2025-08-18T20:32:11","guid":{"rendered":"https:\/\/eventplusservices.com\/mote\/?page_id=263"},"modified":"2025-08-18T22:34:01","modified_gmt":"2025-08-18T20:34:01","slug":"hataridok","status":"publish","type":"page","link":"https:\/\/eventplusservices.com\/mote\/hataridok\/","title":{"rendered":"Hat\u00e1rid\u0151k"},"content":{"rendered":"\t\t<div data-elementor-type=\"wp-page\" data-elementor-id=\"263\" class=\"elementor elementor-263\" data-elementor-post-type=\"page\">\n\t\t\t\t<div class=\"elementor-element elementor-element-0efb5cf e-flex e-con-boxed e-con e-parent\" data-id=\"0efb5cf\" data-element_type=\"container\">\n\t\t\t\t\t<div class=\"e-con-inner\">\n\t\t\t\t<div class=\"elementor-element elementor-element-c1907ab elementor-widget elementor-widget-text-editor\" data-id=\"c1907ab\" data-element_type=\"widget\" data-widget_type=\"text-editor.default\">\n\t\t\t\t<div class=\"elementor-widget-container\">\n\t\t\t\t\t\t\t\t\t<h3>Absztrakt bek\u00fcld\u00e9si hat\u00e1rid\u0151<\/h3>\n2025. szeptember 15-ig\n<h3>Kedvezm\u00e9nyes regisztr\u00e1ci\u00f3<\/h3>\n2025. szeptember 15-ig\n<h3>\u00c1ltal\u00e1nos regisztr\u00e1ci\u00f3<\/h3>\n2025. okt\u00f3ber 21-ig\t\t\t\t\t\t\t\t<\/div>\n\t\t\t\t<\/div>\n\t\t\t\t\t<\/div>\n\t\t\t\t<\/div>\n\t\t\t\t<\/div>\n\t\t","protected":false},"excerpt":{"rendered":"<p>Absztrakt bek\u00fcld\u00e9si hat\u00e1rid\u0151 2025. szeptember 15-ig Kedvezm\u00e9nyes regisztr\u00e1ci\u00f3 2025. szeptember 15-ig \u00c1ltal\u00e1nos regisztr\u00e1ci\u00f3 2025. okt\u00f3ber 21-ig<\/p>\n","protected":false},"author":4,"featured_media":0,"parent":0,"menu_order":0,"comment_status":"closed","ping_status":"closed","template":"","meta":{"footnotes":""},"class_list":["post-263","page","type-page","status-publish","hentry"],"_links":{"self":[{"href":"https:\/\/eventplusservices.com\/mote\/wp-json\/wp\/v2\/pages\/263","targetHints":{"allow":["GET"]}}],"collection":[{"href":"https:\/\/eventplusservices.com\/mote\/wp-json\/wp\/v2\/pages"}],"about":[{"href":"https:\/\/eventplusservices.com\/mote\/wp-json\/wp\/v2\/types\/page"}],"author":[{"embeddable":true,"href":"https:\/\/eventplusservices.com\/mote\/wp-json\/wp\/v2\/users\/4"}],"replies":[{"embeddable":true,"href":"https:\/\/eventplusservices.com\/mote\/wp-json\/wp\/v2\/comments?post=263"}],"version-history":[{"count":4,"href":"https:\/\/eventplusservices.com\/mote\/wp-json\/wp\/v2\/pages\/263\/revisions"}],"predecessor-version":[{"id":267,"href":"https:\/\/eventplusservices.com\/mote\/wp-json\/wp\/v2\/pages\/263\/revisions\/267"}],"wp:attachment":[{"href":"https:\/\/eventplusservices.com\/mote\/wp-json\/wp\/v2\/media?parent=263"}],"curies":[{"name":"wp","href":"https:\/\/api.w.org\/{rel}","templated":true}]}}