{"id":344,"date":"2025-08-20T21:58:16","date_gmt":"2025-08-20T19:58:16","guid":{"rendered":"https:\/\/eventplusservices.com\/mote\/?page_id=344"},"modified":"2025-08-23T16:35:42","modified_gmt":"2025-08-23T14:35:42","slug":"szallas","status":"publish","type":"page","link":"https:\/\/eventplusservices.com\/mote\/szallas\/","title":{"rendered":"Sz\u00e1ll\u00e1s"},"content":{"rendered":"\t\t<div data-elementor-type=\"wp-page\" data-elementor-id=\"344\" class=\"elementor elementor-344\" data-elementor-post-type=\"page\">\n\t\t\t\t<div class=\"elementor-element elementor-element-1e2eea0 e-flex e-con-boxed e-con e-parent\" data-id=\"1e2eea0\" data-element_type=\"container\">\n\t\t\t\t\t<div class=\"e-con-inner\">\n\t\t\t\t<div class=\"elementor-element elementor-element-d1bc74e elementor-widget elementor-widget-text-editor\" data-id=\"d1bc74e\" data-element_type=\"widget\" data-widget_type=\"text-editor.default\">\n\t\t\t\t<div class=\"elementor-widget-container\">\n\t\t\t\t\t\t\t\t\t<p>A sz\u00e1ll\u00e1sfoglal\u00e1s nem r\u00e9sze a regisztr\u00e1ci\u00f3nak, fakultat\u00edv szolg\u00e1ltat\u00e1s.<\/p>\t\t\t\t\t\t\t\t<\/div>\n\t\t\t\t<\/div>\n\t\t\t\t\t<\/div>\n\t\t\t\t<\/div>\n\t\t<div class=\"elementor-element elementor-element-e563d72 e-flex e-con-boxed e-con e-parent\" data-id=\"e563d72\" data-element_type=\"container\">\n\t\t\t\t\t<div class=\"e-con-inner\">\n\t\t<div class=\"elementor-element elementor-element-6dc6493 e-con-full e-flex e-con e-child\" data-id=\"6dc6493\" data-element_type=\"container\">\n\t\t\t\t<div class=\"elementor-element elementor-element-0156159 elementor-widget elementor-widget-image\" data-id=\"0156159\" data-element_type=\"widget\" data-widget_type=\"image.default\">\n\t\t\t\t<div class=\"elementor-widget-container\">\n\t\t\t\t\t\t\t\t\t\t\t\t\t\t\t<img fetchpriority=\"high\" decoding=\"async\" width=\"800\" height=\"536\" src=\"https:\/\/eventplusservices.com\/wp-tartalom\/uploads\/sites\/3\/2025\/08\/abacus.jpg\" class=\"attachment-full size-full wp-image-243\" alt=\"\" srcset=\"https:\/\/eventplusservices.com\/wp-tartalom\/uploads\/sites\/3\/2025\/08\/abacus.jpg 800w, https:\/\/eventplusservices.com\/wp-tartalom\/uploads\/sites\/3\/2025\/08\/abacus-300x201.jpg 300w, https:\/\/eventplusservices.com\/wp-tartalom\/uploads\/sites\/3\/2025\/08\/abacus-768x515.jpg 768w\" sizes=\"(max-width: 800px) 100vw, 800px\" \/>\t\t\t\t\t\t\t\t\t\t\t\t\t\t\t<\/div>\n\t\t\t\t<\/div>\n\t\t\t\t<\/div>\n\t\t<div class=\"elementor-element elementor-element-0ef3250 e-con-full e-flex e-con e-child\" data-id=\"0ef3250\" data-element_type=\"container\">\n\t\t\t\t<div class=\"elementor-element elementor-element-8be963c elementor-widget elementor-widget-text-editor\" data-id=\"8be963c\" data-element_type=\"widget\" data-widget_type=\"text-editor.default\">\n\t\t\t\t<div class=\"elementor-widget-container\">\n\t\t\t\t\t\t\t\t\t<div class=\"uncode_text_column text-lead\"><h3>Abacus Business &amp; Wellness Hotel<\/h3><p>2053 Herceghalom, Geszteny\u00e9s \u00fat 3.<br \/><a href=\"https:\/\/abacus.hu\" target=\"_blank\" rel=\"noopener\">www.abacus.hu<\/a><\/p><table class=\"table table-striped\"><tbody><tr><td><strong>Egy\u00e1gyas szoba, reggelivel<\/strong><\/td><td align=\"center\">45.600,-\/ szoba\/\u00e9j<\/td><\/tr><tr><td><strong>K\u00e9t\u00e1gyas szoba, reggelivel<\/strong><\/td><td align=\"center\">56.700,- \/ szoba\/\u00e9j<\/td><\/tr><\/tbody><\/table><p><strong><em>A sz\u00e1lloda a szob\u00e1kat az \u00e9rkez\u00e9s napj\u00e1n 14:00 \u00f3r\u00e1t\u00f3l garant\u00e1lja, az elutaz\u00e1s napj\u00e1n pedig 10:00 \u00f3r\u00e1ig k\u00e9rj\u00fck sz\u00e9pen a kulcsk\u00e1rty\u00e1kat a sz\u00e1llodai recepci\u00f3n leadni.<\/em><\/strong><\/p><\/div>\t\t\t\t\t\t\t\t<\/div>\n\t\t\t\t<\/div>\n\t\t\t\t<div class=\"elementor-element elementor-element-1256cc3 elementor-widget elementor-widget-n-accordion\" data-id=\"1256cc3\" data-element_type=\"widget\" data-settings=\"{&quot;default_state&quot;:&quot;all_collapsed&quot;,&quot;max_items_expended&quot;:&quot;one&quot;,&quot;n_accordion_animation_duration&quot;:{&quot;unit&quot;:&quot;ms&quot;,&quot;size&quot;:400,&quot;sizes&quot;:[]}}\" data-widget_type=\"nested-accordion.default\">\n\t\t\t\t<div class=\"elementor-widget-container\">\n\t\t\t\t\t\t\t<div class=\"e-n-accordion\" aria-label=\"Accordion. Open links with Enter or Space, close with Escape, and navigate with Arrow Keys\">\n\t\t\t\t\t\t<details id=\"e-n-accordion-item-1920\" class=\"e-n-accordion-item\" >\n\t\t\t\t<summary class=\"e-n-accordion-item-title\" data-accordion-index=\"1\" tabindex=\"0\" aria-expanded=\"false\" aria-controls=\"e-n-accordion-item-1920\" >\n\t\t\t\t\t<span class='e-n-accordion-item-title-header'><p class=\"e-n-accordion-item-title-text\"> Fontos inform\u00e1ci\u00f3 <\/p><\/span>\n\t\t\t\t\t\t\t<span class='e-n-accordion-item-title-icon'>\n\t\t\t<span class='e-opened' ><svg aria-hidden=\"true\" class=\"e-font-icon-svg e-fas-minus\" viewBox=\"0 0 448 512\" xmlns=\"http:\/\/www.w3.org\/2000\/svg\"><path d=\"M416 208H32c-17.67 0-32 14.33-32 32v32c0 17.67 14.33 32 32 32h384c17.67 0 32-14.33 32-32v-32c0-17.67-14.33-32-32-32z\"><\/path><\/svg><\/span>\n\t\t\t<span class='e-closed'><svg aria-hidden=\"true\" class=\"e-font-icon-svg e-fas-plus\" viewBox=\"0 0 448 512\" xmlns=\"http:\/\/www.w3.org\/2000\/svg\"><path d=\"M416 208H272V64c0-17.67-14.33-32-32-32h-32c-17.67 0-32 14.33-32 32v144H32c-17.67 0-32 14.33-32 32v32c0 17.67 14.33 32 32 32h144v144c0 17.67 14.33 32 32 32h32c17.67 0 32-14.33 32-32V304h144c17.67 0 32-14.33 32-32v-32c0-17.67-14.33-32-32-32z\"><\/path><\/svg><\/span>\n\t\t<\/span>\n\n\t\t\t\t\t\t<\/summary>\n\t\t\t\t<div role=\"region\" aria-labelledby=\"e-n-accordion-item-1920\" class=\"elementor-element elementor-element-db1f75f e-con-full e-flex e-con e-child\" data-id=\"db1f75f\" data-element_type=\"container\">\n\t\t\t\t<div class=\"elementor-element elementor-element-91df8ab elementor-widget elementor-widget-text-editor\" data-id=\"91df8ab\" data-element_type=\"widget\" data-widget_type=\"text-editor.default\">\n\t\t\t\t<div class=\"elementor-widget-container\">\n\t\t\t\t\t\t\t\t\t<p>A k\u00f6tb\u00e9res sz\u00e1ll\u00e1sfoglal\u00e1sok miatt kedvezm\u00e9nyes \u00e1rakon sz\u00e1llodai f\u00e9r\u0151helyet biztos\u00edtani csak 2025. okt\u00f3ber 5-ig t\u00f6rt\u00e9n\u0151 visszajelz\u00e9s eset\u00e9n tudunk. A lek\u00f6t\u00f6tt sz\u00e1ll\u00e1shelyeket &#8211; a rendelkez\u00e9sre \u00e1ll\u00f3 kapacit\u00e1s erej\u00e9ig &#8211; a visszajelz\u00e9sek sorrendj\u00e9ben igazoljuk vissza.<\/p><p>A megrendelt sz\u00e1ll\u00e1s a sz\u00e1ml\u00e1n megadott id\u0151pontig, el\u0151zetesen fizetend\u0151. Sz\u00e1ll\u00e1sfoglal\u00e1s\u00e1t csak a befizet\u00e9st k\u00f6vet\u0151en tekintj\u00fck v\u00e9glegesnek.<\/p>\t\t\t\t\t\t\t\t<\/div>\n\t\t\t\t<\/div>\n\t\t\t\t<\/div>\n\t\t\t\t\t<\/details>\n\t\t\t\t\t<\/div>\n\t\t\t\t\t\t<\/div>\n\t\t\t\t<\/div>\n\t\t\t\t<\/div>\n\t\t\t\t\t<\/div>\n\t\t\t\t<\/div>\n\t\t<div class=\"elementor-element elementor-element-b4f250b e-flex e-con-boxed e-con e-parent\" data-id=\"b4f250b\" data-element_type=\"container\">\n\t\t\t\t\t<div class=\"e-con-inner\">\n\t\t\t\t<div class=\"elementor-element elementor-element-c14cea9 elementor-widget elementor-widget-google_maps\" data-id=\"c14cea9\" data-element_type=\"widget\" data-widget_type=\"google_maps.default\">\n\t\t\t\t<div class=\"elementor-widget-container\">\n\t\t\t\t\t\t\t<div class=\"elementor-custom-embed\">\n\t\t\t<iframe loading=\"lazy\"\n\t\t\t\t\tsrc=\"https:\/\/maps.google.com\/maps?q=Abacus%20Business%20%26%20Wellnes%20Hotel&#038;t=m&#038;z=10&#038;output=embed&#038;iwloc=near\"\n\t\t\t\t\ttitle=\"Abacus Business &amp; Wellnes Hotel\"\n\t\t\t\t\taria-label=\"Abacus Business &amp; Wellnes Hotel\"\n\t\t\t><\/iframe>\n\t\t<\/div>\n\t\t\t\t\t\t<\/div>\n\t\t\t\t<\/div>\n\t\t\t\t\t<\/div>\n\t\t\t\t<\/div>\n\t\t\t\t<\/div>\n\t\t","protected":false},"excerpt":{"rendered":"<p>A sz\u00e1ll\u00e1sfoglal\u00e1s nem r\u00e9sze a regisztr\u00e1ci\u00f3nak, fakultat\u00edv szolg\u00e1ltat\u00e1s. Abacus Business &amp; Wellness Hotel 2053 Herceghalom, Geszteny\u00e9s \u00fat 3.www.abacus.hu Egy\u00e1gyas szoba, reggelivel 45.600,-\/ szoba\/\u00e9j K\u00e9t\u00e1gyas szoba, reggelivel 56.700,- \/ szoba\/\u00e9j A sz\u00e1lloda a szob\u00e1kat az \u00e9rkez\u00e9s napj\u00e1n 14:00 \u00f3r\u00e1t\u00f3l garant\u00e1lja, az elutaz\u00e1s napj\u00e1n pedig 10:00 \u00f3r\u00e1ig k\u00e9rj\u00fck sz\u00e9pen a kulcsk\u00e1rty\u00e1kat a sz\u00e1llodai recepci\u00f3n leadni. Fontos inform\u00e1ci\u00f3 [&hellip;]<\/p>\n","protected":false},"author":4,"featured_media":0,"parent":0,"menu_order":0,"comment_status":"closed","ping_status":"closed","template":"","meta":{"footnotes":""},"class_list":["post-344","page","type-page","status-publish","hentry"],"_links":{"self":[{"href":"https:\/\/eventplusservices.com\/mote\/wp-json\/wp\/v2\/pages\/344","targetHints":{"allow":["GET"]}}],"collection":[{"href":"https:\/\/eventplusservices.com\/mote\/wp-json\/wp\/v2\/pages"}],"about":[{"href":"https:\/\/eventplusservices.com\/mote\/wp-json\/wp\/v2\/types\/page"}],"author":[{"embeddable":true,"href":"https:\/\/eventplusservices.com\/mote\/wp-json\/wp\/v2\/users\/4"}],"replies":[{"embeddable":true,"href":"https:\/\/eventplusservices.com\/mote\/wp-json\/wp\/v2\/comments?post=344"}],"version-history":[{"count":73,"href":"https:\/\/eventplusservices.com\/mote\/wp-json\/wp\/v2\/pages\/344\/revisions"}],"predecessor-version":[{"id":787,"href":"https:\/\/eventplusservices.com\/mote\/wp-json\/wp\/v2\/pages\/344\/revisions\/787"}],"wp:attachment":[{"href":"https:\/\/eventplusservices.com\/mote\/wp-json\/wp\/v2\/media?parent=344"}],"curies":[{"name":"wp","href":"https:\/\/api.w.org\/{rel}","templated":true}]}}