{"id":572,"date":"2025-08-22T22:30:17","date_gmt":"2025-08-22T20:30:17","guid":{"rendered":"https:\/\/eventplusservices.com\/mote\/?page_id=572"},"modified":"2025-10-29T11:41:24","modified_gmt":"2025-10-29T10:41:24","slug":"szponzorok","status":"publish","type":"page","link":"https:\/\/eventplusservices.com\/mote\/szponzorok\/","title":{"rendered":"Szponzorok"},"content":{"rendered":"\t\t<div data-elementor-type=\"wp-page\" data-elementor-id=\"572\" class=\"elementor elementor-572\" data-elementor-post-type=\"page\">\n\t\t\t\t<div class=\"elementor-element elementor-element-48fdcf3 e-flex e-con-boxed e-con e-parent\" data-id=\"48fdcf3\" data-element_type=\"container\" data-settings=\"{&quot;background_background&quot;:&quot;classic&quot;}\">\n\t\t\t\t\t<div class=\"e-con-inner\">\n\t\t<div class=\"elementor-element elementor-element-6783c22 e-con-full e-flex e-con e-child\" data-id=\"6783c22\" data-element_type=\"container\" data-settings=\"{&quot;background_background&quot;:&quot;classic&quot;}\">\n\t\t\t\t<div class=\"elementor-element elementor-element-a564e60 elementor-widget elementor-widget-text-editor\" data-id=\"a564e60\" data-element_type=\"widget\" data-widget_type=\"text-editor.default\">\n\t\t\t\t<div class=\"elementor-widget-container\">\n\t\t\t\t\t\t\t\t\t<p>KIEMELT T\u00c1MOGAT\u00d3<\/p>\t\t\t\t\t\t\t\t<\/div>\n\t\t\t\t<\/div>\n\t\t\t\t<div class=\"elementor-element elementor-element-7929781 elementor-widget elementor-widget-image\" data-id=\"7929781\" data-element_type=\"widget\" data-widget_type=\"image.default\">\n\t\t\t\t<div class=\"elementor-widget-container\">\n\t\t\t\t\t\t\t\t\t\t\t\t\t\t\t<img fetchpriority=\"high\" decoding=\"async\" width=\"400\" height=\"288\" src=\"https:\/\/eventplusservices.com\/wp-tartalom\/uploads\/sites\/3\/2025\/08\/hat-alma.png\" class=\"attachment-full size-full wp-image-584\" alt=\"\" srcset=\"https:\/\/eventplusservices.com\/wp-tartalom\/uploads\/sites\/3\/2025\/08\/hat-alma.png 400w, https:\/\/eventplusservices.com\/wp-tartalom\/uploads\/sites\/3\/2025\/08\/hat-alma-300x216.png 300w\" sizes=\"(max-width: 400px) 100vw, 400px\" \/>\t\t\t\t\t\t\t\t\t\t\t\t\t\t\t<\/div>\n\t\t\t\t<\/div>\n\t\t\t\t<\/div>\n\t\t\t\t\t<\/div>\n\t\t\t\t<\/div>\n\t\t<div class=\"elementor-element elementor-element-2527cd7 e-flex e-con-boxed e-con e-parent\" data-id=\"2527cd7\" data-element_type=\"container\" data-settings=\"{&quot;background_background&quot;:&quot;classic&quot;}\">\n\t\t\t\t\t<div class=\"e-con-inner\">\n\t\t<div class=\"elementor-element elementor-element-d210010 e-flex e-con-boxed e-con e-child\" data-id=\"d210010\" data-element_type=\"container\" data-settings=\"{&quot;background_background&quot;:&quot;classic&quot;}\">\n\t\t\t\t\t<div class=\"e-con-inner\">\n\t\t\t\t<div class=\"elementor-element elementor-element-57da7b4 elementor-widget elementor-widget-text-editor\" data-id=\"57da7b4\" data-element_type=\"widget\" data-widget_type=\"text-editor.default\">\n\t\t\t\t<div class=\"elementor-widget-container\">\n\t\t\t\t\t\t\t\t\t<p>Arany t\u00e1mogat\u00f3<\/p>\t\t\t\t\t\t\t\t<\/div>\n\t\t\t\t<\/div>\n\t\t\t\t<div class=\"elementor-element elementor-element-80b2f1f elementor-widget elementor-widget-image\" data-id=\"80b2f1f\" data-element_type=\"widget\" data-widget_type=\"image.default\">\n\t\t\t\t<div class=\"elementor-widget-container\">\n\t\t\t\t\t\t\t\t\t\t\t\t\t\t\t<img decoding=\"async\" width=\"360\" height=\"77\" src=\"https:\/\/eventplusservices.com\/wp-tartalom\/uploads\/sites\/3\/2025\/08\/lifestylepro.jpg\" class=\"attachment-full size-full wp-image-597\" alt=\"\" srcset=\"https:\/\/eventplusservices.com\/wp-tartalom\/uploads\/sites\/3\/2025\/08\/lifestylepro.jpg 360w, https:\/\/eventplusservices.com\/wp-tartalom\/uploads\/sites\/3\/2025\/08\/lifestylepro-300x64.jpg 300w\" sizes=\"(max-width: 360px) 100vw, 360px\" \/>\t\t\t\t\t\t\t\t\t\t\t\t\t\t\t<\/div>\n\t\t\t\t<\/div>\n\t\t\t\t\t<\/div>\n\t\t\t\t<\/div>\n\t\t\t\t\t<\/div>\n\t\t\t\t<\/div>\n\t\t<div class=\"elementor-element elementor-element-9111b1c e-flex e-con-boxed e-con e-parent\" data-id=\"9111b1c\" data-element_type=\"container\" data-settings=\"{&quot;background_background&quot;:&quot;classic&quot;}\">\n\t\t\t\t\t<div class=\"e-con-inner\">\n\t\t<div class=\"elementor-element elementor-element-a2b601c e-flex e-con-boxed e-con e-child\" data-id=\"a2b601c\" data-element_type=\"container\" data-settings=\"{&quot;background_background&quot;:&quot;classic&quot;}\">\n\t\t\t\t\t<div class=\"e-con-inner\">\n\t\t\t\t<div class=\"elementor-element elementor-element-0a1c847 elementor-widget elementor-widget-text-editor\" data-id=\"0a1c847\" data-element_type=\"widget\" data-widget_type=\"text-editor.default\">\n\t\t\t\t<div class=\"elementor-widget-container\">\n\t\t\t\t\t\t\t\t\t<p>Ez\u00fcst t\u00e1mogat\u00f3<\/p>\t\t\t\t\t\t\t\t<\/div>\n\t\t\t\t<\/div>\n\t\t\t\t<div class=\"elementor-element elementor-element-8c4c4c4 elementor-widget elementor-widget-image\" data-id=\"8c4c4c4\" data-element_type=\"widget\" data-widget_type=\"image.default\">\n\t\t\t\t<div class=\"elementor-widget-container\">\n\t\t\t\t\t\t\t\t\t\t\t\t\t\t\t<img decoding=\"async\" width=\"260\" height=\"142\" src=\"https:\/\/eventplusservices.com\/wp-tartalom\/uploads\/sites\/3\/2025\/08\/zabolafirma-2.jpg\" class=\"attachment-full size-full wp-image-608\" alt=\"\" \/>\t\t\t\t\t\t\t\t\t\t\t\t\t\t\t<\/div>\n\t\t\t\t<\/div>\n\t\t\t\t\t<\/div>\n\t\t\t\t<\/div>\n\t\t\t\t\t<\/div>\n\t\t\t\t<\/div>\n\t\t<div class=\"elementor-element elementor-element-59015a7 e-flex e-con-boxed e-con e-parent\" data-id=\"59015a7\" data-element_type=\"container\" data-settings=\"{&quot;background_background&quot;:&quot;classic&quot;}\">\n\t\t\t\t\t<div class=\"e-con-inner\">\n\t\t<div class=\"elementor-element elementor-element-bbabac8 e-flex e-con-boxed e-con e-child\" data-id=\"bbabac8\" data-element_type=\"container\" data-settings=\"{&quot;background_background&quot;:&quot;classic&quot;}\">\n\t\t\t\t\t<div class=\"e-con-inner\">\n\t\t\t\t<div class=\"elementor-element elementor-element-efcdc21 elementor-widget elementor-widget-text-editor\" data-id=\"efcdc21\" data-element_type=\"widget\" data-widget_type=\"text-editor.default\">\n\t\t\t\t<div class=\"elementor-widget-container\">\n\t\t\t\t\t\t\t\t\t<p>Bronz t\u00e1mogat\u00f3<\/p>\t\t\t\t\t\t\t\t<\/div>\n\t\t\t\t<\/div>\n\t\t\t\t<div class=\"elementor-element elementor-element-4e19ed1 elementor-widget elementor-widget-image\" data-id=\"4e19ed1\" data-element_type=\"widget\" data-widget_type=\"image.default\">\n\t\t\t\t<div class=\"elementor-widget-container\">\n\t\t\t\t\t\t\t\t\t\t\t\t\t\t\t<img loading=\"lazy\" decoding=\"async\" width=\"230\" height=\"112\" src=\"https:\/\/eventplusservices.com\/wp-tartalom\/uploads\/sites\/3\/2025\/10\/aelan.png\" class=\"attachment-large size-large wp-image-897\" alt=\"Aelan\" \/>\t\t\t\t\t\t\t\t\t\t\t\t\t\t\t<\/div>\n\t\t\t\t<\/div>\n\t\t\t\t<div class=\"elementor-element elementor-element-be0e5d7 elementor-widget elementor-widget-image\" data-id=\"be0e5d7\" data-element_type=\"widget\" data-widget_type=\"image.default\">\n\t\t\t\t<div class=\"elementor-widget-container\">\n\t\t\t\t\t\t\t\t\t\t\t\t\t\t\t<img loading=\"lazy\" decoding=\"async\" width=\"250\" height=\"109\" src=\"https:\/\/eventplusservices.com\/wp-tartalom\/uploads\/sites\/3\/2025\/08\/longevity-project.png\" class=\"attachment-large size-large wp-image-834\" alt=\"\" \/>\t\t\t\t\t\t\t\t\t\t\t\t\t\t\t<\/div>\n\t\t\t\t<\/div>\n\t\t\t\t<div class=\"elementor-element elementor-element-ffd1e19 elementor-widget elementor-widget-image\" data-id=\"ffd1e19\" data-element_type=\"widget\" data-widget_type=\"image.default\">\n\t\t\t\t<div class=\"elementor-widget-container\">\n\t\t\t\t\t\t\t\t\t\t\t\t\t\t\t<img loading=\"lazy\" decoding=\"async\" width=\"260\" height=\"100\" src=\"https:\/\/eventplusservices.com\/wp-tartalom\/uploads\/sites\/3\/2025\/08\/mentesbor-2.jpg\" class=\"attachment-full size-full wp-image-638\" alt=\"\" \/>\t\t\t\t\t\t\t\t\t\t\t\t\t\t\t<\/div>\n\t\t\t\t<\/div>\n\t\t\t\t<div class=\"elementor-element elementor-element-a9b4f7f elementor-widget elementor-widget-image\" data-id=\"a9b4f7f\" data-element_type=\"widget\" data-widget_type=\"image.default\">\n\t\t\t\t<div class=\"elementor-widget-container\">\n\t\t\t\t\t\t\t\t\t\t\t\t\t\t\t<img loading=\"lazy\" decoding=\"async\" width=\"300\" height=\"42\" src=\"https:\/\/eventplusservices.com\/wp-tartalom\/uploads\/sites\/3\/2025\/09\/ripassa.jpg\" class=\"attachment-full size-full wp-image-884\" alt=\"\" \/>\t\t\t\t\t\t\t\t\t\t\t\t\t\t\t<\/div>\n\t\t\t\t<\/div>\n\t\t\t\t<div class=\"elementor-element elementor-element-9c98542 elementor-widget elementor-widget-image\" data-id=\"9c98542\" data-element_type=\"widget\" data-widget_type=\"image.default\">\n\t\t\t\t<div class=\"elementor-widget-container\">\n\t\t\t\t\t\t\t\t\t\t\t\t\t\t\t<img loading=\"lazy\" decoding=\"async\" width=\"300\" height=\"39\" src=\"https:\/\/eventplusservices.com\/wp-tartalom\/uploads\/sites\/3\/2025\/08\/whitelab-2.jpg\" class=\"attachment-full size-full wp-image-626\" alt=\"\" \/>\t\t\t\t\t\t\t\t\t\t\t\t\t\t\t<\/div>\n\t\t\t\t<\/div>\n\t\t\t\t<div class=\"elementor-element elementor-element-e634593 elementor-widget elementor-widget-image\" data-id=\"e634593\" data-element_type=\"widget\" data-widget_type=\"image.default\">\n\t\t\t\t<div class=\"elementor-widget-container\">\n\t\t\t\t\t\t\t\t\t\t\t\t\t\t\t<img loading=\"lazy\" decoding=\"async\" width=\"250\" height=\"112\" src=\"https:\/\/eventplusservices.com\/wp-tartalom\/uploads\/sites\/3\/2025\/10\/salus.jpg\" class=\"attachment-full size-full wp-image-962\" alt=\"\" \/>\t\t\t\t\t\t\t\t\t\t\t\t\t\t\t<\/div>\n\t\t\t\t<\/div>\n\t\t\t\t\t<\/div>\n\t\t\t\t<\/div>\n\t\t<div class=\"elementor-element elementor-element-6ab145f e-con-full e-flex e-con e-child\" data-id=\"6ab145f\" data-element_type=\"container\" data-settings=\"{&quot;background_background&quot;:&quot;classic&quot;}\">\n\t\t\t\t<div class=\"elementor-element elementor-element-fe4a9ae elementor-widget elementor-widget-text-editor\" data-id=\"fe4a9ae\" data-element_type=\"widget\" data-widget_type=\"text-editor.default\">\n\t\t\t\t<div class=\"elementor-widget-container\">\n\t\t\t\t\t\t\t\t\t<p>Kisv\u00e1llalkoz\u00f3i t\u00e1mogat\u00f3k<\/p>\t\t\t\t\t\t\t\t<\/div>\n\t\t\t\t<\/div>\n\t\t\t\t<div class=\"elementor-element elementor-element-18b9c11 elementor-widget elementor-widget-image\" data-id=\"18b9c11\" data-element_type=\"widget\" data-widget_type=\"image.default\">\n\t\t\t\t<div class=\"elementor-widget-container\">\n\t\t\t\t\t\t\t\t\t\t\t\t\t\t\t<img loading=\"lazy\" decoding=\"async\" width=\"180\" height=\"65\" src=\"https:\/\/eventplusservices.com\/wp-tartalom\/uploads\/sites\/3\/2025\/08\/gagabu.jpg\" class=\"attachment-full size-full wp-image-795\" alt=\"\" \/>\t\t\t\t\t\t\t\t\t\t\t\t\t\t\t<\/div>\n\t\t\t\t<\/div>\n\t\t\t\t<\/div>\n\t\t\t\t<div class=\"elementor-element elementor-element-400414f elementor-widget elementor-widget-image\" data-id=\"400414f\" data-element_type=\"widget\" data-widget_type=\"image.default\">\n\t\t\t\t<div class=\"elementor-widget-container\">\n\t\t\t\t\t\t\t\t\t\t\t\t\t\t\t<img loading=\"lazy\" decoding=\"async\" width=\"130\" height=\"130\" src=\"https:\/\/eventplusservices.com\/wp-tartalom\/uploads\/sites\/3\/2025\/08\/mikroeden-2-e1761734469690.jpg\" class=\"attachment-full size-full wp-image-801\" alt=\"\" \/>\t\t\t\t\t\t\t\t\t\t\t\t\t\t\t<\/div>\n\t\t\t\t<\/div>\n\t\t\t\t<div class=\"elementor-element elementor-element-45f7792 elementor-widget elementor-widget-image\" data-id=\"45f7792\" data-element_type=\"widget\" data-widget_type=\"image.default\">\n\t\t\t\t<div class=\"elementor-widget-container\">\n\t\t\t\t\t\t\t\t\t\t\t\t\t\t\t<img loading=\"lazy\" decoding=\"async\" width=\"180\" height=\"55\" src=\"https:\/\/eventplusservices.com\/wp-tartalom\/uploads\/sites\/3\/2025\/10\/naturi.png\" class=\"attachment-full size-full wp-image-963\" alt=\"\" \/>\t\t\t\t\t\t\t\t\t\t\t\t\t\t\t<\/div>\n\t\t\t\t<\/div>\n\t\t\t\t<div class=\"elementor-element elementor-element-598c12e elementor-widget elementor-widget-image\" data-id=\"598c12e\" data-element_type=\"widget\" data-widget_type=\"image.default\">\n\t\t\t\t<div class=\"elementor-widget-container\">\n\t\t\t\t\t\t\t\t\t\t\t\t\t\t\t<img loading=\"lazy\" decoding=\"async\" width=\"160\" height=\"74\" src=\"https:\/\/eventplusservices.com\/wp-tartalom\/uploads\/sites\/3\/2025\/10\/csinta-1.png\" class=\"attachment-full size-full wp-image-970\" alt=\"\" \/>\t\t\t\t\t\t\t\t\t\t\t\t\t\t\t<\/div>\n\t\t\t\t<\/div>\n\t\t\t\t<div class=\"elementor-element elementor-element-d9e8f26 elementor-widget elementor-widget-image\" data-id=\"d9e8f26\" data-element_type=\"widget\" data-widget_type=\"image.default\">\n\t\t\t\t<div class=\"elementor-widget-container\">\n\t\t\t\t\t\t\t\t\t\t\t\t\t\t\t<img loading=\"lazy\" decoding=\"async\" width=\"160\" height=\"68\" src=\"https:\/\/eventplusservices.com\/wp-tartalom\/uploads\/sites\/3\/2025\/10\/martaller.png\" class=\"attachment-full size-full wp-image-964\" alt=\"\" \/>\t\t\t\t\t\t\t\t\t\t\t\t\t\t\t<\/div>\n\t\t\t\t<\/div>\n\t\t\t\t\t<\/div>\n\t\t\t\t<\/div>\n\t\t\t\t<\/div>\n\t\t","protected":false},"excerpt":{"rendered":"<p>KIEMELT T\u00c1MOGAT\u00d3 Arany t\u00e1mogat\u00f3 Ez\u00fcst t\u00e1mogat\u00f3 Bronz t\u00e1mogat\u00f3 Kisv\u00e1llalkoz\u00f3i t\u00e1mogat\u00f3k<\/p>\n","protected":false},"author":4,"featured_media":0,"parent":0,"menu_order":0,"comment_status":"closed","ping_status":"closed","template":"","meta":{"footnotes":""},"class_list":["post-572","page","type-page","status-publish","hentry"],"_links":{"self":[{"href":"https:\/\/eventplusservices.com\/mote\/wp-json\/wp\/v2\/pages\/572","targetHints":{"allow":["GET"]}}],"collection":[{"href":"https:\/\/eventplusservices.com\/mote\/wp-json\/wp\/v2\/pages"}],"about":[{"href":"https:\/\/eventplusservices.com\/mote\/wp-json\/wp\/v2\/types\/page"}],"author":[{"embeddable":true,"href":"https:\/\/eventplusservices.com\/mote\/wp-json\/wp\/v2\/users\/4"}],"replies":[{"embeddable":true,"href":"https:\/\/eventplusservices.com\/mote\/wp-json\/wp\/v2\/comments?post=572"}],"version-history":[{"count":82,"href":"https:\/\/eventplusservices.com\/mote\/wp-json\/wp\/v2\/pages\/572\/revisions"}],"predecessor-version":[{"id":973,"href":"https:\/\/eventplusservices.com\/mote\/wp-json\/wp\/v2\/pages\/572\/revisions\/973"}],"wp:attachment":[{"href":"https:\/\/eventplusservices.com\/mote\/wp-json\/wp\/v2\/media?parent=572"}],"curies":[{"name":"wp","href":"https:\/\/api.w.org\/{rel}","templated":true}]}}