{"id":921,"date":"2025-10-08T17:52:32","date_gmt":"2025-10-08T15:52:32","guid":{"rendered":"https:\/\/eventplusservices.com\/mote\/?page_id=921"},"modified":"2025-10-08T17:53:34","modified_gmt":"2025-10-08T15:53:34","slug":"ertesito","status":"publish","type":"page","link":"https:\/\/eventplusservices.com\/mote\/ertesito\/","title":{"rendered":"\u00c9rtes\u00edt\u0151"},"content":{"rendered":"\t\t<div data-elementor-type=\"wp-page\" data-elementor-id=\"921\" class=\"elementor elementor-921\" data-elementor-post-type=\"page\">\n\t\t\t\t<div class=\"elementor-element elementor-element-13d2424 e-con-full e-flex e-con e-parent\" data-id=\"13d2424\" data-element_type=\"container\">\n\t\t\t\t<div class=\"elementor-element elementor-element-ac9f807 elementor-widget elementor-widget-text-editor\" data-id=\"ac9f807\" data-element_type=\"widget\" data-widget_type=\"text-editor.default\">\n\t\t\t\t<div class=\"elementor-widget-container\">\n\t\t\t\t\t\t\t\t\t<div class=\"_df_book df-lite\" id=\"df_923\"  _slug=\"ertesito\" data-title=\"ertesito\" wpoptions=\"true\" thumbtype=\"\" ><\/div><script class=\"df-shortcode-script\" nowprocket type=\"application\/javascript\">window.option_df_923 = {\"outline\":[],\"backgroundColor\":\"#FFFFFF00\",\"autoEnableOutline\":\"false\",\"autoEnableThumbnail\":\"false\",\"overwritePDFOutline\":\"false\",\"direction\":\"1\",\"pageSize\":\"0\",\"source\":\"https:\\\/\\\/eventplusservices.com\\\/wp-tartalom\\\/uploads\\\/sites\\\/3\\\/2025\\\/10\\\/mote2025-ertesito.pdf\",\"wpOptions\":\"true\"}; if(window.DFLIP && window.DFLIP.parseBooks){window.DFLIP.parseBooks();}<\/script>\t\t\t\t\t\t\t\t<\/div>\n\t\t\t\t<\/div>\n\t\t\t\t<\/div>\n\t\t\t\t<\/div>\n\t\t","protected":false},"excerpt":{"rendered":"","protected":false},"author":4,"featured_media":0,"parent":0,"menu_order":0,"comment_status":"closed","ping_status":"closed","template":"","meta":{"footnotes":""},"class_list":["post-921","page","type-page","status-publish","hentry"],"_links":{"self":[{"href":"https:\/\/eventplusservices.com\/mote\/wp-json\/wp\/v2\/pages\/921","targetHints":{"allow":["GET"]}}],"collection":[{"href":"https:\/\/eventplusservices.com\/mote\/wp-json\/wp\/v2\/pages"}],"about":[{"href":"https:\/\/eventplusservices.com\/mote\/wp-json\/wp\/v2\/types\/page"}],"author":[{"embeddable":true,"href":"https:\/\/eventplusservices.com\/mote\/wp-json\/wp\/v2\/users\/4"}],"replies":[{"embeddable":true,"href":"https:\/\/eventplusservices.com\/mote\/wp-json\/wp\/v2\/comments?post=921"}],"version-history":[{"count":4,"href":"https:\/\/eventplusservices.com\/mote\/wp-json\/wp\/v2\/pages\/921\/revisions"}],"predecessor-version":[{"id":927,"href":"https:\/\/eventplusservices.com\/mote\/wp-json\/wp\/v2\/pages\/921\/revisions\/927"}],"wp:attachment":[{"href":"https:\/\/eventplusservices.com\/mote\/wp-json\/wp\/v2\/media?parent=921"}],"curies":[{"name":"wp","href":"https:\/\/api.w.org\/{rel}","templated":true}]}}