{"id":936,"date":"2025-10-22T10:54:52","date_gmt":"2025-10-22T08:54:52","guid":{"rendered":"https:\/\/eventplusservices.com\/mote\/?page_id=936"},"modified":"2025-10-22T14:44:53","modified_gmt":"2025-10-22T12:44:53","slug":"mobil-app","status":"publish","type":"page","link":"https:\/\/eventplusservices.com\/mote\/mobil-app\/","title":{"rendered":"Mobil app"},"content":{"rendered":"\t\t<div data-elementor-type=\"wp-page\" data-elementor-id=\"936\" class=\"elementor elementor-936\" data-elementor-post-type=\"page\">\n\t\t\t\t<div class=\"elementor-element elementor-element-5009b24 e-flex e-con-boxed e-con e-parent\" data-id=\"5009b24\" data-element_type=\"container\">\n\t\t\t\t\t<div class=\"e-con-inner\">\n\t\t\t\t<div class=\"elementor-element elementor-element-6ac7a2a elementor-widget elementor-widget-text-editor\" data-id=\"6ac7a2a\" data-element_type=\"widget\" data-widget_type=\"text-editor.default\">\n\t\t\t\t<div class=\"elementor-widget-container\">\n\t\t\t\t\t\t\t\t\t<p><strong>MOTE 2025<\/strong> n\u00e9ven let\u00f6lthet\u0151 a kongresszus hivatalos mobil alkalmaz\u00e1sa!<\/p>\t\t\t\t\t\t\t\t<\/div>\n\t\t\t\t<\/div>\n\t\t\t\t\t<\/div>\n\t\t\t\t<\/div>\n\t\t<div class=\"elementor-element elementor-element-b9dc006 e-flex e-con-boxed e-con e-parent\" data-id=\"b9dc006\" data-element_type=\"container\">\n\t\t\t\t\t<div class=\"e-con-inner\">\n\t\t<div class=\"elementor-element elementor-element-3eceec9 e-con-full e-flex e-con e-child\" data-id=\"3eceec9\" data-element_type=\"container\">\n\t\t\t\t<div class=\"elementor-element elementor-element-308a320 elementor-widget elementor-widget-image\" data-id=\"308a320\" data-element_type=\"widget\" data-widget_type=\"image.default\">\n\t\t\t\t<div class=\"elementor-widget-container\">\n\t\t\t\t\t\t\t\t\t\t\t\t\t\t\t\t<a href=\"https:\/\/play.google.com\/store\/apps\/details?id=com.mote.confapp&#038;hl=hu-HU\">\n\t\t\t\t\t\t\t<img decoding=\"async\" width=\"300\" height=\"89\" src=\"https:\/\/eventplusservices.com\/wp-tartalom\/uploads\/sites\/3\/2025\/10\/google-play-300x89.jpg\" class=\"elementor-animation-shrink attachment-medium size-medium wp-image-947\" alt=\"\" srcset=\"https:\/\/eventplusservices.com\/wp-tartalom\/uploads\/sites\/3\/2025\/10\/google-play-300x89.jpg 300w, https:\/\/eventplusservices.com\/wp-tartalom\/uploads\/sites\/3\/2025\/10\/google-play.jpg 400w\" sizes=\"(max-width: 300px) 100vw, 300px\" \/>\t\t\t\t\t\t\t\t<\/a>\n\t\t\t\t\t\t\t\t\t\t\t\t\t\t\t<\/div>\n\t\t\t\t<\/div>\n\t\t\t\t<\/div>\n\t\t<div class=\"elementor-element elementor-element-3d56537 e-con-full e-flex e-con e-child\" data-id=\"3d56537\" data-element_type=\"container\">\n\t\t\t\t<div class=\"elementor-element elementor-element-f093308 elementor-widget elementor-widget-image\" data-id=\"f093308\" data-element_type=\"widget\" data-widget_type=\"image.default\">\n\t\t\t\t<div class=\"elementor-widget-container\">\n\t\t\t\t\t\t\t\t\t\t\t\t\t\t\t\t<a href=\"https:\/\/apps.apple.com\/us\/app\/mote-2025\/id6753895532\">\n\t\t\t\t\t\t\t<img decoding=\"async\" width=\"300\" height=\"89\" src=\"https:\/\/eventplusservices.com\/wp-tartalom\/uploads\/sites\/3\/2025\/10\/app-store-300x89.jpg\" class=\"elementor-animation-shrink attachment-medium size-medium wp-image-948\" alt=\"\" srcset=\"https:\/\/eventplusservices.com\/wp-tartalom\/uploads\/sites\/3\/2025\/10\/app-store-300x89.jpg 300w, https:\/\/eventplusservices.com\/wp-tartalom\/uploads\/sites\/3\/2025\/10\/app-store.jpg 400w\" sizes=\"(max-width: 300px) 100vw, 300px\" \/>\t\t\t\t\t\t\t\t<\/a>\n\t\t\t\t\t\t\t\t\t\t\t\t\t\t\t<\/div>\n\t\t\t\t<\/div>\n\t\t\t\t<\/div>\n\t\t\t\t\t<\/div>\n\t\t\t\t<\/div>\n\t\t<div class=\"elementor-element elementor-element-55ecb02 e-flex e-con-boxed e-con e-parent\" data-id=\"55ecb02\" data-element_type=\"container\">\n\t\t\t\t\t<div class=\"e-con-inner\">\n\t\t<div class=\"elementor-element elementor-element-baf438d e-con-full e-flex e-con e-child\" data-id=\"baf438d\" data-element_type=\"container\">\n\t\t\t\t<div class=\"elementor-element elementor-element-a36da89 elementor-widget elementor-widget-image\" data-id=\"a36da89\" data-element_type=\"widget\" data-widget_type=\"image.default\">\n\t\t\t\t<div class=\"elementor-widget-container\">\n\t\t\t\t\t\t\t\t\t\t\t\t\t\t\t<img fetchpriority=\"high\" decoding=\"async\" width=\"300\" height=\"300\" src=\"https:\/\/eventplusservices.com\/wp-tartalom\/uploads\/sites\/3\/2025\/10\/mote2025-android-300x300.png\" class=\"attachment-medium size-medium wp-image-941\" alt=\"\" srcset=\"https:\/\/eventplusservices.com\/wp-tartalom\/uploads\/sites\/3\/2025\/10\/mote2025-android-300x300.png 300w, https:\/\/eventplusservices.com\/wp-tartalom\/uploads\/sites\/3\/2025\/10\/mote2025-android-150x150.png 150w, https:\/\/eventplusservices.com\/wp-tartalom\/uploads\/sites\/3\/2025\/10\/mote2025-android.png 700w\" sizes=\"(max-width: 300px) 100vw, 300px\" \/>\t\t\t\t\t\t\t\t\t\t\t\t\t\t\t<\/div>\n\t\t\t\t<\/div>\n\t\t\t\t<\/div>\n\t\t<div class=\"elementor-element elementor-element-2d64606 e-con-full e-flex e-con e-child\" data-id=\"2d64606\" data-element_type=\"container\">\n\t\t\t\t<div class=\"elementor-element elementor-element-2762975 elementor-widget elementor-widget-image\" data-id=\"2762975\" data-element_type=\"widget\" data-widget_type=\"image.default\">\n\t\t\t\t<div class=\"elementor-widget-container\">\n\t\t\t\t\t\t\t\t\t\t\t\t\t\t\t<img loading=\"lazy\" decoding=\"async\" width=\"300\" height=\"300\" src=\"https:\/\/eventplusservices.com\/wp-tartalom\/uploads\/sites\/3\/2025\/10\/mote2025-ios-300x300.png\" class=\"attachment-medium size-medium wp-image-942\" alt=\"\" srcset=\"https:\/\/eventplusservices.com\/wp-tartalom\/uploads\/sites\/3\/2025\/10\/mote2025-ios-300x300.png 300w, https:\/\/eventplusservices.com\/wp-tartalom\/uploads\/sites\/3\/2025\/10\/mote2025-ios-150x150.png 150w, https:\/\/eventplusservices.com\/wp-tartalom\/uploads\/sites\/3\/2025\/10\/mote2025-ios.png 620w\" sizes=\"(max-width: 300px) 100vw, 300px\" \/>\t\t\t\t\t\t\t\t\t\t\t\t\t\t\t<\/div>\n\t\t\t\t<\/div>\n\t\t\t\t<\/div>\n\t\t\t\t\t<\/div>\n\t\t\t\t<\/div>\n\t\t\t\t<\/div>\n\t\t","protected":false},"excerpt":{"rendered":"<p>MOTE 2025 n\u00e9ven let\u00f6lthet\u0151 a kongresszus hivatalos mobil alkalmaz\u00e1sa!<\/p>\n","protected":false},"author":4,"featured_media":0,"parent":0,"menu_order":0,"comment_status":"closed","ping_status":"closed","template":"","meta":{"footnotes":""},"class_list":["post-936","page","type-page","status-publish","hentry"],"_links":{"self":[{"href":"https:\/\/eventplusservices.com\/mote\/wp-json\/wp\/v2\/pages\/936","targetHints":{"allow":["GET"]}}],"collection":[{"href":"https:\/\/eventplusservices.com\/mote\/wp-json\/wp\/v2\/pages"}],"about":[{"href":"https:\/\/eventplusservices.com\/mote\/wp-json\/wp\/v2\/types\/page"}],"author":[{"embeddable":true,"href":"https:\/\/eventplusservices.com\/mote\/wp-json\/wp\/v2\/users\/4"}],"replies":[{"embeddable":true,"href":"https:\/\/eventplusservices.com\/mote\/wp-json\/wp\/v2\/comments?post=936"}],"version-history":[{"count":18,"href":"https:\/\/eventplusservices.com\/mote\/wp-json\/wp\/v2\/pages\/936\/revisions"}],"predecessor-version":[{"id":960,"href":"https:\/\/eventplusservices.com\/mote\/wp-json\/wp\/v2\/pages\/936\/revisions\/960"}],"wp:attachment":[{"href":"https:\/\/eventplusservices.com\/mote\/wp-json\/wp\/v2\/media?parent=936"}],"curies":[{"name":"wp","href":"https:\/\/api.w.org\/{rel}","templated":true}]}}